{"id":8651,"date":"2021-04-27T17:10:49","date_gmt":"2021-04-27T15:10:49","guid":{"rendered":"https:\/\/fondazionefiladev.ive.ai\/?page_id=8651"},"modified":"2025-12-10T18:12:15","modified_gmt":"2025-12-10T17:12:15","slug":"achieve-the-archive","status":"publish","type":"page","link":"https:\/\/www.fondazionefila.com\/en\/achieve-the-archive\/","title":{"rendered":"Achieve the Archive"},"content":{"rendered":"\n<div class=\"page\">\n    <div id=\"box-iframe-banner\" class=\"banner-page banner-page-img\">\n        <img decoding=\"async\" alt=\"\" src=\"https:\/\/www.fondazionefila.com\/wp-content\/uploads\/2023\/11\/27NOV2022_ACHIEVE-BLOG.jpg\" \/>\n    <\/div>\n    <section class=\"section-page\">\n        <div class=\"wrap-content\">\n            <div class=\"container-lg\">\n                <div class=\"box-main-title-page\">\n                    <h1>Achieve the Archive<\/h1>\n                <\/div>\n                <h2 class=\"title-content-a align-left\">Consegna un capo FILA storico e ricevi un omaggio!<\/h2>\n                <div class=\"text-size-page\">\n                    <p>Il progetto ACHIEVE the ARCHIVE \u00e8 un contest ideato da Fondazione FILA Museum per ampliare l&#8217;archivio storico e far conoscere la realt\u00e0 della Fondazione ad un pubblico sempre pi\u00f9 vasto.<\/p>\n                <\/div>\n                <h3 class=\"title-content-b align-left\">Regolamento e Modalit\u00e0 di partecipazione<\/h3>\n                <div class=\"text-size-page\">\n                    <ol>\n                        <li>Il capo, la scarpa o l\u2019accessorio, recanti il marchio FILA, devono essere in buono stato di conservazione e riportare l\u2019etichetta interna o logo FILA;<\/li>\n                        <li>Il prodotto FILA deve essere antecedente all\u2019anno 2015;<\/li>\n                        <li>Verranno valutati anche i prodotti di collaborazioni tra FILA e altri brand;<\/li>\n                        <li>Per ogni prodotto FILA accettato in donazione dalla Fondazione, verr\u00e0 consegnato un omaggio al partecipante;<\/li>\n                        <li>Per partecipare si potr\u00e0 inviare una foto del capo, della scarpa o dell\u2019accessorio all\u2019indirizzo e-mail info_fondazione@fila.com, indicando tutte le informazioni relative di cui \u00e8 a conoscenza (es.: anno di realizzazione, stato di conservazione, taglia\u2026).\n                            L\u2019oggetto dell\u2019e-mail dovr\u00e0 essere: ACHIEVE the ARCHIVE;<\/li>\n                        <li>La Fondazione provveder\u00e0 a comunicare l\u2019eventuale accettazione della donazione al partecipante entro 5 giorni lavorativi.<\/li>\n                    <\/ol>\n                <\/div>\n                <p class=\"wrap-button\"><a class=\"button-rounded-fill bg-filared\" href=\"https:\/\/www.fondazionefila.com\/archivio\/\">Scopri il nostro archivio<\/a><\/p>\n            <\/div>\n        <\/div>\n    <\/section>\n         <section id=\"stayupdate\" class=\"section-newsletter-home-moving section-newsletter-home-moving-pages\"\">\n        <div class=\"content-section-home\">\n            <div class=\"wrap-newsletter-home-moving\">\n                <h1 class=\"first-tit-section-home second-tit-section-home-moving\">News from the Foundation<\/h1>\n                <p>Subscribe to the newsletter to receive updates and exclusive content in advance.<\/p>\n                <div class=\"box-go-newsletter-home-moving\">\n                    <div class=\"wpforms-container wpforms-container-full tnp-subscription\" id=\"wpforms-18277\"><form id=\"wpforms-form-18277\" class=\"wpforms-validate wpforms-form wpforms-ajax-form\" data-formid=\"18277\" method=\"post\" enctype=\"multipart\/form-data\" action=\"\/en\/wp-json\/wp\/v2\/pages\/8651\" data-token=\"9c42e2ab68f75de95ec46c60c15763ee\" data-token-time=\"1776392045\"><noscript class=\"wpforms-error-noscript\">Please enable JavaScript in your browser to complete this form.<\/noscript><div class=\"wpforms-field-container\">\t\t<div id=\"wpforms-18277-field_4-container\"\n\t\t\tclass=\"wpforms-field wpforms-field-text\"\n\t\t\tdata-field-type=\"text\"\n\t\t\tdata-field-id=\"4\"\n\t\t\t>\n\t\t\t<label class=\"wpforms-field-label\" for=\"wpforms-18277-field_4\" >Insert and your<\/label>\n\t\t\t<input type=\"text\" id=\"wpforms-18277-field_4\" class=\"wpforms-field-medium\" name=\"wpforms[fields][4]\" >\n\t\t<\/div>\n\t\t<div id=\"wpforms-18277-field_1-container\" class=\"wpforms-field wpforms-field-name\" data-field-id=\"1\"><label class=\"wpforms-field-label\" for=\"wpforms-18277-field_1\">Insert your Name and Surname <span class=\"wpforms-required-label\">*<\/span><\/label><input type=\"text\" id=\"wpforms-18277-field_1\" class=\"wpforms-field-medium wpforms-field-required\" name=\"wpforms[fields][1]\" required><\/div><div id=\"wpforms-18277-field_2-container\" class=\"wpforms-field wpforms-field-email\" data-field-id=\"2\"><label class=\"wpforms-field-label\" for=\"wpforms-18277-field_2\">Insert your Email <span class=\"wpforms-required-label\">*<\/span><\/label><input type=\"email\" id=\"wpforms-18277-field_2\" class=\"wpforms-field-medium wpforms-field-required\" name=\"wpforms[fields][2]\" spellcheck=\"false\" required><\/div><div id=\"wpforms-18277-field_3-container\" class=\"wpforms-field wpforms-field-checkbox\" data-field-id=\"3\"><label class=\"wpforms-field-label\">Privacy <span class=\"wpforms-required-label\">*<\/span><\/label><ul id=\"wpforms-18277-field_3\" class=\"wpforms-field-required\"><li class=\"choice-1 depth-1\"><input type=\"checkbox\" id=\"wpforms-18277-field_3_1\" name=\"wpforms[fields][3][]\" value=\"I accept the &lt;a href=&quot;https:\/\/www.fondazionefila.com\/en\/privacy-policy&quot; target=&quot;_blank&quot;&gt;Privacy policy&lt;\/a&gt;\" required ><label class=\"wpforms-field-label-inline\" for=\"wpforms-18277-field_3_1\">I accept the <a href=\"https:\/\/www.fondazionefila.com\/en\/privacy-policy\" target=\"_blank\">Privacy policy<\/a><\/label><\/li><\/ul><\/div><script>\n\t\t\t\t( function() {\n\t\t\t\t\tconst style = document.createElement( 'style' );\n\t\t\t\t\tstyle.appendChild( document.createTextNode( '#wpforms-18277-field_4-container { position: absolute !important; overflow: hidden !important; display: inline !important; height: 1px !important; width: 1px !important; z-index: -1000 !important; padding: 0 !important; } #wpforms-18277-field_4-container input { visibility: hidden; } #wpforms-conversational-form-page #wpforms-18277-field_4-container label { counter-increment: none; }' ) );\n\t\t\t\t\tdocument.head.appendChild( style );\n\t\t\t\t\tdocument.currentScript?.remove();\n\t\t\t\t} )();\n\t\t\t<\/script><\/div><!-- .wpforms-field-container --><div class=\"wpforms-recaptcha-container wpforms-is-recaptcha wpforms-is-recaptcha-type-invisible\" ><div class=\"g-recaptcha\" data-sitekey=\"6Lexf5QsAAAAANDB3xEKBOMvql4VsLaNEPq8nHhe\" data-size=\"invisible\"><\/div><\/div><div class=\"wpforms-submit-container\" ><input type=\"hidden\" name=\"wpforms[id]\" value=\"18277\"><input type=\"hidden\" name=\"page_title\" value=\"\"><input type=\"hidden\" name=\"page_url\" value=\"https:\/\/www.fondazionefila.com\/en\/wp-json\/wp\/v2\/pages\/8651\"><input type=\"hidden\" name=\"url_referer\" value=\"\"><button type=\"submit\" name=\"wpforms[submit]\" id=\"wpforms-submit-18277\" class=\"wpforms-submit tnp-submit\" data-alt-text=\"Sending. Please hold on...\" data-submit-text=\"Subscribe now\" aria-live=\"assertive\" value=\"wpforms-submit\">Subscribe now<\/button><img loading=\"lazy\" decoding=\"async\" src=\"https:\/\/www.fondazionefila.com\/wp-content\/plugins\/wpforms\/assets\/images\/submit-spin.svg\" class=\"wpforms-submit-spinner\" style=\"display: none;\" width=\"26\" height=\"26\" alt=\"Loading\"><\/div><\/form><\/div>  <!-- .wpforms-container -->                <\/div>\n            <\/div>\n        <\/div>\n    <\/section>\n    \n<\/div>\n","protected":false},"excerpt":{"rendered":"","protected":false},"author":1,"featured_media":0,"parent":0,"menu_order":0,"comment_status":"closed","ping_status":"closed","template":"","meta":{"footnotes":""},"class_list":["post-8651","page","type-page","status-publish","hentry"],"yoast_head":"<!-- This site is optimized with the Yoast SEO plugin v25.5 - https:\/\/yoast.com\/wordpress\/plugins\/seo\/ -->\n<title>FILA Archive - Fondazione FILA Museum - Contest Achieve the Archive<\/title>\n<meta name=\"description\" content=\"FILA Archive and ACHIEVE the ARCHIVE project: a contest conceived by the Fondazione FILA Museum to expand the historical archive. Join us\" \/>\n<meta name=\"robots\" content=\"index, follow, max-snippet:-1, max-image-preview:large, max-video-preview:-1\" \/>\n<link rel=\"canonical\" href=\"https:\/\/www.fondazionefila.com\/en\/achieve-the-archive\/\" \/>\n<meta property=\"og:locale\" content=\"en_US\" \/>\n<meta property=\"og:type\" content=\"article\" \/>\n<meta property=\"og:title\" content=\"FILA Archive - Fondazione FILA Museum - Contest Achieve the Archive\" \/>\n<meta property=\"og:description\" content=\"FILA Archive and ACHIEVE the ARCHIVE project: a contest conceived by the Fondazione FILA Museum to expand the historical archive. Join us\" \/>\n<meta property=\"og:url\" content=\"https:\/\/www.fondazionefila.com\/en\/achieve-the-archive\/\" \/>\n<meta property=\"og:site_name\" content=\"Fondazione FILA Museum\" \/>\n<meta property=\"article:publisher\" content=\"https:\/\/www.facebook.com\/fondazionefila\/\" \/>\n<meta property=\"article:modified_time\" content=\"2025-12-10T17:12:15+00:00\" \/>\n<meta name=\"twitter:card\" content=\"summary_large_image\" \/>\n<meta name=\"twitter:label1\" content=\"Est. reading time\" \/>\n\t<meta name=\"twitter:data1\" content=\"2 minutes\" \/>\n<script type=\"application\/ld+json\" class=\"yoast-schema-graph\">{\"@context\":\"https:\/\/schema.org\",\"@graph\":[{\"@type\":\"WebPage\",\"@id\":\"https:\/\/www.fondazionefila.com\/en\/achieve-the-archive\/\",\"url\":\"https:\/\/www.fondazionefila.com\/en\/achieve-the-archive\/\",\"name\":\"FILA Archive - Fondazione FILA Museum - Contest Achieve the Archive\",\"isPartOf\":{\"@id\":\"https:\/\/www.fondazionefila.com\/en\/#website\"},\"datePublished\":\"2021-04-27T15:10:49+00:00\",\"dateModified\":\"2025-12-10T17:12:15+00:00\",\"description\":\"FILA Archive and ACHIEVE the ARCHIVE project: a contest conceived by the Fondazione FILA Museum to expand the historical archive. Join us\",\"breadcrumb\":{\"@id\":\"https:\/\/www.fondazionefila.com\/en\/achieve-the-archive\/#breadcrumb\"},\"inLanguage\":\"en-US\",\"potentialAction\":[{\"@type\":\"ReadAction\",\"target\":[\"https:\/\/www.fondazionefila.com\/en\/achieve-the-archive\/\"]}]},{\"@type\":\"BreadcrumbList\",\"@id\":\"https:\/\/www.fondazionefila.com\/en\/achieve-the-archive\/#breadcrumb\",\"itemListElement\":[{\"@type\":\"ListItem\",\"position\":1,\"name\":\"Home\",\"item\":\"https:\/\/www.fondazionefila.com\/en\/\"},{\"@type\":\"ListItem\",\"position\":2,\"name\":\"Achieve the Archive\"}]},{\"@type\":\"WebSite\",\"@id\":\"https:\/\/www.fondazionefila.com\/en\/#website\",\"url\":\"https:\/\/www.fondazionefila.com\/en\/\",\"name\":\"Fondazione FILA Museum\",\"description\":\"\",\"potentialAction\":[{\"@type\":\"SearchAction\",\"target\":{\"@type\":\"EntryPoint\",\"urlTemplate\":\"https:\/\/www.fondazionefila.com\/en\/?s={search_term_string}\"},\"query-input\":{\"@type\":\"PropertyValueSpecification\",\"valueRequired\":true,\"valueName\":\"search_term_string\"}}],\"inLanguage\":\"en-US\"}]}<\/script>\n<!-- \/ Yoast SEO plugin. -->","yoast_head_json":{"title":"FILA Archive - Fondazione FILA Museum - Contest Achieve the Archive","description":"FILA Archive and ACHIEVE the ARCHIVE project: a contest conceived by the Fondazione FILA Museum to expand the historical archive. Join us","robots":{"index":"index","follow":"follow","max-snippet":"max-snippet:-1","max-image-preview":"max-image-preview:large","max-video-preview":"max-video-preview:-1"},"canonical":"https:\/\/www.fondazionefila.com\/en\/achieve-the-archive\/","og_locale":"en_US","og_type":"article","og_title":"FILA Archive - Fondazione FILA Museum - Contest Achieve the Archive","og_description":"FILA Archive and ACHIEVE the ARCHIVE project: a contest conceived by the Fondazione FILA Museum to expand the historical archive. Join us","og_url":"https:\/\/www.fondazionefila.com\/en\/achieve-the-archive\/","og_site_name":"Fondazione FILA Museum","article_publisher":"https:\/\/www.facebook.com\/fondazionefila\/","article_modified_time":"2025-12-10T17:12:15+00:00","twitter_card":"summary_large_image","twitter_misc":{"Est. reading time":"2 minutes"},"schema":{"@context":"https:\/\/schema.org","@graph":[{"@type":"WebPage","@id":"https:\/\/www.fondazionefila.com\/en\/achieve-the-archive\/","url":"https:\/\/www.fondazionefila.com\/en\/achieve-the-archive\/","name":"FILA Archive - Fondazione FILA Museum - Contest Achieve the Archive","isPartOf":{"@id":"https:\/\/www.fondazionefila.com\/en\/#website"},"datePublished":"2021-04-27T15:10:49+00:00","dateModified":"2025-12-10T17:12:15+00:00","description":"FILA Archive and ACHIEVE the ARCHIVE project: a contest conceived by the Fondazione FILA Museum to expand the historical archive. Join us","breadcrumb":{"@id":"https:\/\/www.fondazionefila.com\/en\/achieve-the-archive\/#breadcrumb"},"inLanguage":"en-US","potentialAction":[{"@type":"ReadAction","target":["https:\/\/www.fondazionefila.com\/en\/achieve-the-archive\/"]}]},{"@type":"BreadcrumbList","@id":"https:\/\/www.fondazionefila.com\/en\/achieve-the-archive\/#breadcrumb","itemListElement":[{"@type":"ListItem","position":1,"name":"Home","item":"https:\/\/www.fondazionefila.com\/en\/"},{"@type":"ListItem","position":2,"name":"Achieve the Archive"}]},{"@type":"WebSite","@id":"https:\/\/www.fondazionefila.com\/en\/#website","url":"https:\/\/www.fondazionefila.com\/en\/","name":"Fondazione FILA Museum","description":"","potentialAction":[{"@type":"SearchAction","target":{"@type":"EntryPoint","urlTemplate":"https:\/\/www.fondazionefila.com\/en\/?s={search_term_string}"},"query-input":{"@type":"PropertyValueSpecification","valueRequired":true,"valueName":"search_term_string"}}],"inLanguage":"en-US"}]}},"wps_subtitle":"","_links":{"self":[{"href":"https:\/\/www.fondazionefila.com\/en\/wp-json\/wp\/v2\/pages\/8651"}],"collection":[{"href":"https:\/\/www.fondazionefila.com\/en\/wp-json\/wp\/v2\/pages"}],"about":[{"href":"https:\/\/www.fondazionefila.com\/en\/wp-json\/wp\/v2\/types\/page"}],"author":[{"embeddable":true,"href":"https:\/\/www.fondazionefila.com\/en\/wp-json\/wp\/v2\/users\/1"}],"replies":[{"embeddable":true,"href":"https:\/\/www.fondazionefila.com\/en\/wp-json\/wp\/v2\/comments?post=8651"}],"version-history":[{"count":12,"href":"https:\/\/www.fondazionefila.com\/en\/wp-json\/wp\/v2\/pages\/8651\/revisions"}],"predecessor-version":[{"id":17766,"href":"https:\/\/www.fondazionefila.com\/en\/wp-json\/wp\/v2\/pages\/8651\/revisions\/17766"}],"wp:attachment":[{"href":"https:\/\/www.fondazionefila.com\/en\/wp-json\/wp\/v2\/media?parent=8651"}],"curies":[{"name":"wp","href":"https:\/\/api.w.org\/{rel}","templated":true}]}}